{"id":18,"date":"2023-09-20T12:41:57","date_gmt":"2023-09-20T15:41:57","guid":{"rendered":"https:\/\/gruposmartquimica.com.br\/?page_id=18"},"modified":"2024-11-18T12:40:35","modified_gmt":"2024-11-18T15:40:35","slug":"contatos","status":"publish","type":"page","link":"https:\/\/gruposmartquimica.com.br\/index.php\/contatos\/","title":{"rendered":"Contatos"},"content":{"rendered":"\t\t<div data-elementor-type=\"wp-page\" data-elementor-id=\"18\" class=\"elementor elementor-18\" data-elementor-post-type=\"page\">\n\t\t\t\t<div class=\"elementor-element elementor-element-16a7acb e-con-full e-flex elementor-invisible e-con e-parent\" data-id=\"16a7acb\" data-element_type=\"container\" data-e-type=\"container\" data-settings=\"{&quot;background_background&quot;:&quot;classic&quot;,&quot;animation&quot;:&quot;fadeIn&quot;}\">\n\t\t\t\t<div class=\"elementor-element elementor-element-c7342b8 elementor-widget elementor-widget-heading\" data-id=\"c7342b8\" data-element_type=\"widget\" data-e-type=\"widget\" data-widget_type=\"heading.default\">\n\t\t\t\t<div class=\"elementor-widget-container\">\n\t\t\t\t\t<h2 class=\"elementor-heading-title elementor-size-default\">Contatos<\/h2>\t\t\t\t<\/div>\n\t\t\t\t<\/div>\n\t\t\t\t<\/div>\n\t\t<div class=\"elementor-element elementor-element-1275a2b e-flex e-con-boxed e-con e-parent\" data-id=\"1275a2b\" data-element_type=\"container\" data-e-type=\"container\">\n\t\t\t\t\t<div class=\"e-con-inner\">\n\t\t<div class=\"elementor-element elementor-element-eed8424 e-con-full e-flex e-con e-child\" data-id=\"eed8424\" data-element_type=\"container\" data-e-type=\"container\">\n\t\t\t\t<div class=\"elementor-element elementor-element-bdfa9c6 elementor-widget elementor-widget-heading\" data-id=\"bdfa9c6\" data-element_type=\"widget\" data-e-type=\"widget\" data-widget_type=\"heading.default\">\n\t\t\t\t<div class=\"elementor-widget-container\">\n\t\t\t\t\t<h2 class=\"elementor-heading-title elementor-size-default\">Fale Conosco<\/h2>\t\t\t\t<\/div>\n\t\t\t\t<\/div>\n\t\t\t\t<div class=\"elementor-element elementor-element-e8005ce elementor-widget elementor-widget-text-editor\" data-id=\"e8005ce\" data-element_type=\"widget\" data-e-type=\"widget\" data-widget_type=\"text-editor.default\">\n\t\t\t\t<div class=\"elementor-widget-container\">\n\t\t\t\t\t\t\t\t\t<p>Preencha o formul\u00e1rio abaixo para tirar suas d\u00favidas, sugest\u00f5es, cr\u00edticas ou elogios:<\/p>\t\t\t\t\t\t\t\t<\/div>\n\t\t\t\t<\/div>\n\t\t\t\t<div class=\"elementor-element elementor-element-760e471 elementor-button-align-stretch elementor-widget elementor-widget-form\" data-id=\"760e471\" data-element_type=\"widget\" data-e-type=\"widget\" data-settings=\"{&quot;step_next_label&quot;:&quot;Pr\\u00f3ximo&quot;,&quot;step_previous_label&quot;:&quot;Anterior&quot;,&quot;button_width&quot;:&quot;50&quot;,&quot;step_type&quot;:&quot;number_text&quot;,&quot;step_icon_shape&quot;:&quot;circle&quot;}\" data-widget_type=\"form.default\">\n\t\t\t\t<div class=\"elementor-widget-container\">\n\t\t\t\t\t\t\t<form class=\"elementor-form\" method=\"post\" name=\"Novo formul\u00e1rio\">\n\t\t\t<input type=\"hidden\" name=\"post_id\" value=\"18\"\/>\n\t\t\t<input type=\"hidden\" name=\"form_id\" value=\"760e471\"\/>\n\t\t\t<input type=\"hidden\" name=\"referer_title\" value=\"Contatos - Smart Quimica\" \/>\n\n\t\t\t\t\t\t\t<input type=\"hidden\" name=\"queried_id\" value=\"18\"\/>\n\t\t\t\n\t\t\t<div class=\"elementor-form-fields-wrapper elementor-labels-above\">\n\t\t\t\t\t\t\t\t<div class=\"elementor-field-type-text elementor-field-group elementor-column elementor-field-group-name elementor-col-100\">\n\t\t\t\t\t\t\t\t\t\t\t\t<label for=\"form-field-name\" class=\"elementor-field-label\">\n\t\t\t\t\t\t\t\tNome\t\t\t\t\t\t\t<\/label>\n\t\t\t\t\t\t\t\t\t\t\t\t\t\t<input size=\"1\" type=\"text\" name=\"form_fields[name]\" id=\"form-field-name\" class=\"elementor-field elementor-size-sm  elementor-field-textual\" placeholder=\"Nome\">\n\t\t\t\t\t\t\t\t\t\t\t<\/div>\n\t\t\t\t\t\t\t\t<div class=\"elementor-field-type-email elementor-field-group elementor-column elementor-field-group-email elementor-col-100 elementor-field-required\">\n\t\t\t\t\t\t\t\t\t\t\t\t<label for=\"form-field-email\" class=\"elementor-field-label\">\n\t\t\t\t\t\t\t\tE-mail\t\t\t\t\t\t\t<\/label>\n\t\t\t\t\t\t\t\t\t\t\t\t\t\t<input size=\"1\" type=\"email\" name=\"form_fields[email]\" id=\"form-field-email\" class=\"elementor-field elementor-size-sm  elementor-field-textual\" placeholder=\"E-mail\" required=\"required\" aria-required=\"true\">\n\t\t\t\t\t\t\t\t\t\t\t<\/div>\n\t\t\t\t\t\t\t\t<div class=\"elementor-field-type-tel elementor-field-group elementor-column elementor-field-group-field_454d79c elementor-col-100\">\n\t\t\t\t\t\t\t\t\t\t\t\t<label for=\"form-field-field_454d79c\" class=\"elementor-field-label\">\n\t\t\t\t\t\t\t\tTelefone\t\t\t\t\t\t\t<\/label>\n\t\t\t\t\t\t\t\t<input size=\"1\" type=\"tel\" name=\"form_fields[field_454d79c]\" id=\"form-field-field_454d79c\" class=\"elementor-field elementor-size-sm  elementor-field-textual\" placeholder=\"Telefone\" pattern=\"[0-9()#&amp;+*-=.]+\" title=\"Only numbers and phone characters (#, -, *, etc) are accepted.\">\n\n\t\t\t\t\t\t<\/div>\n\t\t\t\t\t\t\t\t<div class=\"elementor-field-type-select elementor-field-group elementor-column elementor-field-group-field_ca87971 elementor-col-100\">\n\t\t\t\t\t\t\t\t\t\t\t\t<label for=\"form-field-field_ca87971\" class=\"elementor-field-label\">\n\t\t\t\t\t\t\t\tAssunto\t\t\t\t\t\t\t<\/label>\n\t\t\t\t\t\t\t\t<div class=\"elementor-field elementor-select-wrapper remove-before \">\n\t\t\t<div class=\"select-caret-down-wrapper\">\n\t\t\t\t<i aria-hidden=\"true\" class=\"eicon-caret-down\"><\/i>\t\t\t<\/div>\n\t\t\t<select name=\"form_fields[field_ca87971]\" id=\"form-field-field_ca87971\" class=\"elementor-field-textual elementor-size-sm\">\n\t\t\t\t\t\t\t\t\t<option value=\"Selecione\">Selecione<\/option>\n\t\t\t\t\t\t\t\t\t<option value=\"D\u00favidas\">D\u00favidas<\/option>\n\t\t\t\t\t\t\t\t\t<option value=\"Elogios\/Reclama\u00e7\u00f5es\">Elogios\/Reclama\u00e7\u00f5es<\/option>\n\t\t\t\t\t\t\t\t\t<option value=\"Or\u00e7amento\">Or\u00e7amento<\/option>\n\t\t\t\t\t\t\t\t\t<option value=\"Sugest\u00f5es\">Sugest\u00f5es<\/option>\n\t\t\t\t\t\t\t<\/select>\n\t\t<\/div>\n\t\t\t\t\t\t<\/div>\n\t\t\t\t\t\t\t\t<div class=\"elementor-field-type-textarea elementor-field-group elementor-column elementor-field-group-message elementor-col-100\">\n\t\t\t\t\t\t\t\t\t\t\t\t<label for=\"form-field-message\" class=\"elementor-field-label\">\n\t\t\t\t\t\t\t\tMensagem\t\t\t\t\t\t\t<\/label>\n\t\t\t\t\t\t<textarea class=\"elementor-field-textual elementor-field  elementor-size-sm\" name=\"form_fields[message]\" id=\"form-field-message\" rows=\"4\" placeholder=\"Mensagem\"><\/textarea>\t\t\t\t<\/div>\n\t\t\t\t\t\t\t\t<div class=\"elementor-field-group elementor-column elementor-field-type-submit elementor-col-50 e-form__buttons\">\n\t\t\t\t\t<button class=\"elementor-button elementor-size-sm\" type=\"submit\">\n\t\t\t\t\t\t<span class=\"elementor-button-content-wrapper\">\n\t\t\t\t\t\t\t\t\t\t\t\t\t\t\t\t\t\t\t\t\t\t<span class=\"elementor-button-text\">Enviar<\/span>\n\t\t\t\t\t\t\t\t\t\t\t\t\t<\/span>\n\t\t\t\t\t<\/button>\n\t\t\t\t<\/div>\n\t\t\t<\/div>\n\t\t<\/form>\n\t\t\t\t\t\t<\/div>\n\t\t\t\t<\/div>\n\t\t\t\t<\/div>\n\t\t<div class=\"elementor-element elementor-element-0fc7ade e-con-full e-flex e-con e-child\" data-id=\"0fc7ade\" data-element_type=\"container\" data-e-type=\"container\">\n\t\t\t\t<div class=\"elementor-element elementor-element-c8b3dc3 elementor-widget elementor-widget-heading\" data-id=\"c8b3dc3\" data-element_type=\"widget\" data-e-type=\"widget\" data-widget_type=\"heading.default\">\n\t\t\t\t<div class=\"elementor-widget-container\">\n\t\t\t\t\t<h2 class=\"elementor-heading-title elementor-size-default\">Contatos<\/h2>\t\t\t\t<\/div>\n\t\t\t\t<\/div>\n\t\t\t\t<div class=\"elementor-element elementor-element-7b60011 elementor-widget elementor-widget-text-editor\" data-id=\"7b60011\" data-element_type=\"widget\" data-e-type=\"widget\" data-widget_type=\"text-editor.default\">\n\t\t\t\t<div class=\"elementor-widget-container\">\n\t\t\t\t\t\t\t\t\t<p><span style=\"color: var( --e-global-color-primary ); font-family: var( --e-global-typography-text-font-family ); font-size: var( --e-global-typography-text-font-size ); font-weight: var( --e-global-typography-text-font-weight ); text-align: var(--text-align);\">Tel: (11) 2977-8670<\/span><\/p><div><p class=\"contatos_subtitulo\"><strong>Depto. Comercial<\/strong><\/p><p class=\"contatos_texto\">(11) 98204-2503<br \/>(11) 98181-0527<\/p><p>faleconosco@gruposmartquimica.com.br<\/p><p><strong>Matriz<\/strong><\/p><p>Rua Heitor Stockler de Fran\u00e7a, 396 &#8211; Centro C\u00edvico &#8211; Curitiba\/PR Cep: 80030-030<\/p><p><strong>Filial S\u00e3o Paulo<\/strong><\/p><p>Rua Mairia Curupaiti, 441, sala 2013 D \u2013 Santana \u2013 S\u00e3o Paulo\/SP\u00a0Cep: 02452-001<\/p><\/div>\t\t\t\t\t\t\t\t<\/div>\n\t\t\t\t<\/div>\n\t\t\t\t<\/div>\n\t\t\t\t\t<\/div>\n\t\t\t\t<\/div>\n\t\t\t\t<\/div>\n\t\t","protected":false},"excerpt":{"rendered":"<p>Contatos Fale Conosco Preencha o formul\u00e1rio abaixo para tirar suas d\u00favidas, sugest\u00f5es, cr\u00edticas ou elogios: Contatos Tel: (11) 2977-8670 Depto. Comercial (11) 98204-2503(11) 98181-0527 faleconosco@gruposmartquimica.com.br Matriz Rua Heitor Stockler de Fran\u00e7a, 396 &#8211; Centro C\u00edvico &#8211; Curitiba\/PR Cep: 80030-030 Filial S\u00e3o Paulo Rua Mairia Curupaiti, 441, sala 2013 D \u2013 Santana \u2013 S\u00e3o Paulo\/SP\u00a0Cep: 02452-001<\/p>\n","protected":false},"author":1,"featured_media":0,"parent":0,"menu_order":0,"comment_status":"closed","ping_status":"closed","template":"elementor_header_footer","meta":{"footnotes":""},"class_list":["post-18","page","type-page","status-publish","hentry"],"yoast_head":"<!-- This site is optimized with the Yoast SEO plugin v26.8 - https:\/\/yoast.com\/product\/yoast-seo-wordpress\/ -->\n<title>Contatos - Smart Quimica<\/title>\n<meta name=\"robots\" content=\"index, follow, max-snippet:-1, max-image-preview:large, max-video-preview:-1\" \/>\n<link rel=\"canonical\" href=\"https:\/\/gruposmartquimica.com.br\/index.php\/contatos\/\" \/>\n<meta property=\"og:locale\" content=\"en_US\" \/>\n<meta property=\"og:type\" content=\"article\" \/>\n<meta property=\"og:title\" content=\"Contatos - Smart Quimica\" \/>\n<meta property=\"og:description\" content=\"Contatos Fale Conosco Preencha o formul\u00e1rio abaixo para tirar suas d\u00favidas, sugest\u00f5es, cr\u00edticas ou elogios: Contatos Tel: (11) 2977-8670 Depto. Comercial (11) 98204-2503(11) 98181-0527 faleconosco@gruposmartquimica.com.br Matriz Rua Heitor Stockler de Fran\u00e7a, 396 &#8211; Centro C\u00edvico &#8211; Curitiba\/PR Cep: 80030-030 Filial S\u00e3o Paulo Rua Mairia Curupaiti, 441, sala 2013 D \u2013 Santana \u2013 S\u00e3o Paulo\/SP\u00a0Cep: 02452-001\" \/>\n<meta property=\"og:url\" content=\"https:\/\/gruposmartquimica.com.br\/index.php\/contatos\/\" \/>\n<meta property=\"og:site_name\" content=\"Smart Quimica\" \/>\n<meta property=\"article:modified_time\" content=\"2024-11-18T15:40:35+00:00\" \/>\n<meta property=\"og:image\" content=\"https:\/\/gruposmartquimica.com.br\/wp-content\/uploads\/2023\/09\/imagem-site.png\" \/>\n\t<meta property=\"og:image:width\" content=\"1200\" \/>\n\t<meta property=\"og:image:height\" content=\"675\" \/>\n\t<meta property=\"og:image:type\" content=\"image\/png\" \/>\n<meta name=\"twitter:card\" content=\"summary_large_image\" \/>\n<meta name=\"twitter:label1\" content=\"Est. reading time\" \/>\n\t<meta name=\"twitter:data1\" content=\"1 minute\" \/>\n<script type=\"application\/ld+json\" class=\"yoast-schema-graph\">{\"@context\":\"https:\/\/schema.org\",\"@graph\":[{\"@type\":\"WebPage\",\"@id\":\"https:\/\/gruposmartquimica.com.br\/index.php\/contatos\/\",\"url\":\"https:\/\/gruposmartquimica.com.br\/index.php\/contatos\/\",\"name\":\"Contatos - Smart Quimica\",\"isPartOf\":{\"@id\":\"https:\/\/gruposmartquimica.com.br\/#website\"},\"datePublished\":\"2023-09-20T15:41:57+00:00\",\"dateModified\":\"2024-11-18T15:40:35+00:00\",\"breadcrumb\":{\"@id\":\"https:\/\/gruposmartquimica.com.br\/index.php\/contatos\/#breadcrumb\"},\"inLanguage\":\"en-US\",\"potentialAction\":[{\"@type\":\"ReadAction\",\"target\":[\"https:\/\/gruposmartquimica.com.br\/index.php\/contatos\/\"]}]},{\"@type\":\"BreadcrumbList\",\"@id\":\"https:\/\/gruposmartquimica.com.br\/index.php\/contatos\/#breadcrumb\",\"itemListElement\":[{\"@type\":\"ListItem\",\"position\":1,\"name\":\"In\u00edcio\",\"item\":\"https:\/\/gruposmartquimica.com.br\/\"},{\"@type\":\"ListItem\",\"position\":2,\"name\":\"Contatos\"}]},{\"@type\":\"WebSite\",\"@id\":\"https:\/\/gruposmartquimica.com.br\/#website\",\"url\":\"https:\/\/gruposmartquimica.com.br\/\",\"name\":\"Smart Quimica\",\"description\":\"Importa\u00e7\u00e3o e Distribui\u00e7\u00e3o de Ureia\",\"publisher\":{\"@id\":\"https:\/\/gruposmartquimica.com.br\/#organization\"},\"alternateName\":\"Grupo Smart Quimica\",\"potentialAction\":[{\"@type\":\"SearchAction\",\"target\":{\"@type\":\"EntryPoint\",\"urlTemplate\":\"https:\/\/gruposmartquimica.com.br\/?s={search_term_string}\"},\"query-input\":{\"@type\":\"PropertyValueSpecification\",\"valueRequired\":true,\"valueName\":\"search_term_string\"}}],\"inLanguage\":\"en-US\"},{\"@type\":\"Organization\",\"@id\":\"https:\/\/gruposmartquimica.com.br\/#organization\",\"name\":\"Smart Quimica\",\"alternateName\":\"Grupo Smart Quimica\",\"url\":\"https:\/\/gruposmartquimica.com.br\/\",\"logo\":{\"@type\":\"ImageObject\",\"inLanguage\":\"en-US\",\"@id\":\"https:\/\/gruposmartquimica.com.br\/#\/schema\/logo\/image\/\",\"url\":\"https:\/\/gruposmartquimica.com.br\/wp-content\/uploads\/2023\/09\/logo-smart-quimica.png\",\"contentUrl\":\"https:\/\/gruposmartquimica.com.br\/wp-content\/uploads\/2023\/09\/logo-smart-quimica.png\",\"width\":350,\"height\":100,\"caption\":\"Smart Quimica\"},\"image\":{\"@id\":\"https:\/\/gruposmartquimica.com.br\/#\/schema\/logo\/image\/\"}}]}<\/script>\n<!-- \/ Yoast SEO plugin. -->","yoast_head_json":{"title":"Contatos - Smart Quimica","robots":{"index":"index","follow":"follow","max-snippet":"max-snippet:-1","max-image-preview":"max-image-preview:large","max-video-preview":"max-video-preview:-1"},"canonical":"https:\/\/gruposmartquimica.com.br\/index.php\/contatos\/","og_locale":"en_US","og_type":"article","og_title":"Contatos - Smart Quimica","og_description":"Contatos Fale Conosco Preencha o formul\u00e1rio abaixo para tirar suas d\u00favidas, sugest\u00f5es, cr\u00edticas ou elogios: Contatos Tel: (11) 2977-8670 Depto. Comercial (11) 98204-2503(11) 98181-0527 faleconosco@gruposmartquimica.com.br Matriz Rua Heitor Stockler de Fran\u00e7a, 396 &#8211; Centro C\u00edvico &#8211; Curitiba\/PR Cep: 80030-030 Filial S\u00e3o Paulo Rua Mairia Curupaiti, 441, sala 2013 D \u2013 Santana \u2013 S\u00e3o Paulo\/SP\u00a0Cep: 02452-001","og_url":"https:\/\/gruposmartquimica.com.br\/index.php\/contatos\/","og_site_name":"Smart Quimica","article_modified_time":"2024-11-18T15:40:35+00:00","og_image":[{"width":1200,"height":675,"url":"https:\/\/gruposmartquimica.com.br\/wp-content\/uploads\/2023\/09\/imagem-site.png","type":"image\/png"}],"twitter_card":"summary_large_image","twitter_misc":{"Est. reading time":"1 minute"},"schema":{"@context":"https:\/\/schema.org","@graph":[{"@type":"WebPage","@id":"https:\/\/gruposmartquimica.com.br\/index.php\/contatos\/","url":"https:\/\/gruposmartquimica.com.br\/index.php\/contatos\/","name":"Contatos - Smart Quimica","isPartOf":{"@id":"https:\/\/gruposmartquimica.com.br\/#website"},"datePublished":"2023-09-20T15:41:57+00:00","dateModified":"2024-11-18T15:40:35+00:00","breadcrumb":{"@id":"https:\/\/gruposmartquimica.com.br\/index.php\/contatos\/#breadcrumb"},"inLanguage":"en-US","potentialAction":[{"@type":"ReadAction","target":["https:\/\/gruposmartquimica.com.br\/index.php\/contatos\/"]}]},{"@type":"BreadcrumbList","@id":"https:\/\/gruposmartquimica.com.br\/index.php\/contatos\/#breadcrumb","itemListElement":[{"@type":"ListItem","position":1,"name":"In\u00edcio","item":"https:\/\/gruposmartquimica.com.br\/"},{"@type":"ListItem","position":2,"name":"Contatos"}]},{"@type":"WebSite","@id":"https:\/\/gruposmartquimica.com.br\/#website","url":"https:\/\/gruposmartquimica.com.br\/","name":"Smart Quimica","description":"Importa\u00e7\u00e3o e Distribui\u00e7\u00e3o de Ureia","publisher":{"@id":"https:\/\/gruposmartquimica.com.br\/#organization"},"alternateName":"Grupo Smart Quimica","potentialAction":[{"@type":"SearchAction","target":{"@type":"EntryPoint","urlTemplate":"https:\/\/gruposmartquimica.com.br\/?s={search_term_string}"},"query-input":{"@type":"PropertyValueSpecification","valueRequired":true,"valueName":"search_term_string"}}],"inLanguage":"en-US"},{"@type":"Organization","@id":"https:\/\/gruposmartquimica.com.br\/#organization","name":"Smart Quimica","alternateName":"Grupo Smart Quimica","url":"https:\/\/gruposmartquimica.com.br\/","logo":{"@type":"ImageObject","inLanguage":"en-US","@id":"https:\/\/gruposmartquimica.com.br\/#\/schema\/logo\/image\/","url":"https:\/\/gruposmartquimica.com.br\/wp-content\/uploads\/2023\/09\/logo-smart-quimica.png","contentUrl":"https:\/\/gruposmartquimica.com.br\/wp-content\/uploads\/2023\/09\/logo-smart-quimica.png","width":350,"height":100,"caption":"Smart Quimica"},"image":{"@id":"https:\/\/gruposmartquimica.com.br\/#\/schema\/logo\/image\/"}}]}},"jetpack_sharing_enabled":true,"_links":{"self":[{"href":"https:\/\/gruposmartquimica.com.br\/index.php\/wp-json\/wp\/v2\/pages\/18","targetHints":{"allow":["GET"]}}],"collection":[{"href":"https:\/\/gruposmartquimica.com.br\/index.php\/wp-json\/wp\/v2\/pages"}],"about":[{"href":"https:\/\/gruposmartquimica.com.br\/index.php\/wp-json\/wp\/v2\/types\/page"}],"author":[{"embeddable":true,"href":"https:\/\/gruposmartquimica.com.br\/index.php\/wp-json\/wp\/v2\/users\/1"}],"replies":[{"embeddable":true,"href":"https:\/\/gruposmartquimica.com.br\/index.php\/wp-json\/wp\/v2\/comments?post=18"}],"version-history":[{"count":15,"href":"https:\/\/gruposmartquimica.com.br\/index.php\/wp-json\/wp\/v2\/pages\/18\/revisions"}],"predecessor-version":[{"id":229,"href":"https:\/\/gruposmartquimica.com.br\/index.php\/wp-json\/wp\/v2\/pages\/18\/revisions\/229"}],"wp:attachment":[{"href":"https:\/\/gruposmartquimica.com.br\/index.php\/wp-json\/wp\/v2\/media?parent=18"}],"curies":[{"name":"wp","href":"https:\/\/api.w.org\/{rel}","templated":true}]}}